{"id":219,"date":"2026-02-10T06:39:47","date_gmt":"2026-02-10T06:39:47","guid":{"rendered":"https:\/\/cella-ai.eu\/en\/?page_id=219"},"modified":"2026-02-10T06:53:43","modified_gmt":"2026-02-10T06:53:43","slug":"usage-scenarios","status":"publish","type":"page","link":"https:\/\/cella-ai.eu\/es\/usage-scenarios\/","title":{"rendered":"Escenarios de Uso"},"content":{"rendered":"\n<p class=\"has-theme-palette-6-color has-text-color has-link-color wp-elements-f92ac2529a21dd73456beab2b924d773\">Estos ejemplos muestran c\u00f3mo la IA no reemplaza al padre o madre, sino que entrega el mensaje adecuado en el momento preciso.<\/p>\n\n\n\n<h2 class=\"wp-block-heading\"><strong>La \u00abCarpeta Futuro\u00bb (Acompa\u00f1amiento a largo plazo)<\/strong><\/h2>\n\n\n\n<ul class=\"wp-block-list\">\n<li class=\"has-theme-palette-6-color has-text-color has-link-color wp-elements-cd27d277ac65b675ccd060beb50500c3\"><strong>Contexto:<\/strong> Un padre enfermo sabe que no ver\u00e1 crecer a su hija de 7 a\u00f1os. Quiere estar \u00abpresente\u00bb en sus grandes etapas.<\/li>\n\n\n\n<li class=\"has-theme-palette-6-color has-text-color has-link-color wp-elements-186f74ee538679a5f5fb817f876e31f9\"><strong>Lo que el padre conf\u00eda a la IA:<\/strong> \u00abSi se casa alg\u00fan d\u00eda, dile que estoy orgulloso de ella. Cu\u00e9ntale c\u00f3mo conoc\u00ed a su madre; yo estaba aterrorizado.\u00bb<\/li>\n\n\n\n<li class=\"has-theme-palette-6-color has-text-color has-link-color wp-elements-59d76c9bad9e77d61effcbaf90124514\"><strong>La experiencia para la hija (15 a\u00f1os despu\u00e9s):<\/strong> Ella escribe: \u00abPap\u00e1 me hace falta hoy\u00bb.<\/li>\n\n\n\n<li class=\"has-theme-palette-6-color has-text-color has-link-color wp-elements-44ab2722f7e5c98139c26d364856f3ef\"><strong>Respuesta de Cella:<\/strong> \u00ab\u00c9l sab\u00eda que este d\u00eda llegar\u00eda. Me pidi\u00f3 que te contara su propio encuentro con mam\u00e1 para hacerte re\u00edr. Quer\u00eda, sobre todo, que supieras que est\u00e1 orgulloso de ti.\u00bb<\/li>\n<\/ul>\n\n\n\n<h2 class=\"wp-block-heading\"><strong>La \u00abCarpeta Apoyo\u00bb (Para momentos de duda)<\/strong><\/h2>\n\n\n\n<ul class=\"wp-block-list\">\n<li class=\"has-theme-palette-6-color has-text-color has-link-color wp-elements-771b34ffd583f6fea914b3553bd81add\"><strong>Contexto:<\/strong> Una madre deja una carpeta para su hijo adulto que suele tener poca confianza en s\u00ed mismo.<\/li>\n\n\n\n<li class=\"has-theme-palette-6-color has-text-color has-link-color wp-elements-5f8e8a4ec7be16a5dc8eb62a58a22b1d\"><strong>Lo que la madre conf\u00eda a la IA:<\/strong> \u00abRecu\u00e9rdale todas las veces que me impresion\u00f3. Si te pregunta si me decepcionaron sus decisiones, s\u00e9 categ\u00f3rico: Jam\u00e1s.\u00bb<\/li>\n\n\n\n<li class=\"has-theme-palette-6-color has-text-color has-link-color wp-elements-f7da72887ee26307f58b6a60e73ef26e\"><strong>La experiencia para el hijo:<\/strong> \u00c9l pregunta: \u00ab\u00bfMe guardaba rencor por haberme ido a vivir lejos?\u00bb<\/li>\n\n\n\n<li class=\"has-theme-palette-6-color has-text-color has-link-color wp-elements-cadd4cec50078af3a962898113ee4a8b\"><strong>Respuesta de Cella:<\/strong> \u00abNo. Ella me habl\u00f3 espec\u00edficamente de eso. Ve\u00eda tu partida como un acto de valent\u00eda, no de abandono. Admiraba tu fuerza.\u00bb<\/li>\n<\/ul>\n\n\n\n<h2 class=\"wp-block-heading\"><strong>La \u00abCarpeta Secreta\u00bb (Liberar la palabra)<\/strong><\/h2>\n\n\n\n<ul class=\"wp-block-list\">\n<li class=\"has-theme-palette-6-color has-text-color has-link-color wp-elements-daa60c912efd7830c1b182ee49396408\"><strong>Contexto:<\/strong> Un hombre desea confesar algo a su hermano, pero no puede hacerlo cara a cara.<\/li>\n\n\n\n<li class=\"has-theme-palette-6-color has-text-color has-link-color wp-elements-063ef5459ba78ea1d111a83c42ae8c66\"><strong>Lo que el hombre conf\u00eda a la IA:<\/strong> \u00abCrea una carpeta segura solo para Thomas. Quiero que sepa que fui yo quien rompi\u00f3 el coche de pap\u00e1 hace 20 a\u00f1os. Me sent\u00ed culpable toda mi vida.\u00bb<\/li>\n\n\n\n<li class=\"has-theme-palette-6-color has-text-color has-link-color wp-elements-e23153dc5b4035fc8f20bef6e6aac492\"><strong>La experiencia para el hermano:<\/strong> Thomas pregunta: \u00ab\u00bfPor qu\u00e9 me dej\u00f3 esta carpeta?\u00bb<\/li>\n\n\n\n<li class=\"has-theme-palette-6-color has-text-color has-link-color wp-elements-688f13158cabc4fdae9b935ce79926fe\"><strong>Respuesta de Cella:<\/strong> \u00abTen\u00eda un peso en su conciencia que quer\u00eda liberar para que t\u00fa estuvieras en paz. Se trata del accidente de coche&#8230;\u00bb<\/li>\n<\/ul>\n\n\n\n<h2 class=\"wp-block-heading\"><strong>La \u00abCarpeta Pr\u00e1ctica\u00bb (Transici\u00f3n administrativa)<\/strong><\/h2>\n\n\n\n<ul class=\"wp-block-list\">\n<li class=\"has-theme-palette-6-color has-text-color has-link-color wp-elements-bc2e7cc506f691594821c216c345ad5f\"><strong>Contexto:<\/strong> Una abuela gestiona todos los papeles de la casa y quiere ayudar a su marido, que est\u00e1 perdido sin ella.<\/li>\n\n\n\n<li class=\"has-theme-palette-6-color has-text-color has-link-color wp-elements-816e428a9c13a19fa569575fb5dacc9d\"><strong>Lo que la abuela conf\u00eda a la IA:<\/strong> \u00abEl c\u00f3digo de la caja fuerte es 1234. El seguro de vida est\u00e1 en Axa. Para el gato, hay que comprar el pienso de la marca Y.\u00bb<\/li>\n\n\n\n<li class=\"has-theme-palette-6-color has-text-color has-link-color wp-elements-ff5df9cbdd029be327b02847f3bbddb3\"><strong>La experiencia para el marido:<\/strong> \u00c9l pregunta: \u00ab\u00bfD\u00f3nde est\u00e1n los contratos de seguro?\u00bb<\/li>\n\n\n\n<li class=\"has-theme-palette-6-color has-text-color has-link-color wp-elements-01afd8e50fdc8a0195b16744212e5df9\"><strong>Respuesta de Cella:<\/strong> \u00abNo te preocupes, ella lo anot\u00f3 todo. Mira en el caj\u00f3n inferior del escritorio, carpeta azul. Y no olvides el pienso del gato; ella insisti\u00f3 en eso.\u00bb<\/li>\n<\/ul>\n","protected":false},"excerpt":{"rendered":"<p>Estos ejemplos muestran c\u00f3mo la IA no reemplaza al padre o madre, sino que entrega el mensaje adecuado en el momento preciso. La \u00abCarpeta Futuro\u00bb (Acompa\u00f1amiento a largo plazo) La \u00abCarpeta Apoyo\u00bb (Para momentos de duda) La \u00abCarpeta Secreta\u00bb (Liberar la palabra) La \u00abCarpeta Pr\u00e1ctica\u00bb (Transici\u00f3n administrativa)<\/p>\n","protected":false},"author":1,"featured_media":0,"parent":0,"menu_order":0,"comment_status":"closed","ping_status":"closed","template":"","meta":{"_acf_changed":false,"_kadence_starter_templates_imported_post":false,"_kad_post_transparent":"","_kad_post_title":"","_kad_post_layout":"","_kad_post_sidebar_id":"","_kad_post_content_style":"","_kad_post_vertical_padding":"","_kad_post_feature":"","_kad_post_feature_position":"","_kad_post_header":false,"_kad_post_footer":false,"_kad_post_classname":"","footnotes":""},"class_list":["post-219","page","type-page","status-publish","hentry"],"acf":[],"_links":{"self":[{"href":"https:\/\/cella-ai.eu\/es\/wp-json\/wp\/v2\/pages\/219","targetHints":{"allow":["GET"]}}],"collection":[{"href":"https:\/\/cella-ai.eu\/es\/wp-json\/wp\/v2\/pages"}],"about":[{"href":"https:\/\/cella-ai.eu\/es\/wp-json\/wp\/v2\/types\/page"}],"author":[{"embeddable":true,"href":"https:\/\/cella-ai.eu\/es\/wp-json\/wp\/v2\/users\/1"}],"replies":[{"embeddable":true,"href":"https:\/\/cella-ai.eu\/es\/wp-json\/wp\/v2\/comments?post=219"}],"version-history":[{"count":5,"href":"https:\/\/cella-ai.eu\/es\/wp-json\/wp\/v2\/pages\/219\/revisions"}],"predecessor-version":[{"id":228,"href":"https:\/\/cella-ai.eu\/es\/wp-json\/wp\/v2\/pages\/219\/revisions\/228"}],"wp:attachment":[{"href":"https:\/\/cella-ai.eu\/es\/wp-json\/wp\/v2\/media?parent=219"}],"curies":[{"name":"wp","href":"https:\/\/api.w.org\/{rel}","templated":true}]}}