{"id":219,"date":"2026-02-10T06:39:47","date_gmt":"2026-02-10T06:39:47","guid":{"rendered":"https:\/\/cella-ai.eu\/en\/?page_id=219"},"modified":"2026-02-10T06:53:43","modified_gmt":"2026-02-10T06:53:43","slug":"usage-scenarios","status":"publish","type":"page","link":"https:\/\/cella-ai.eu\/de\/usage-scenarios\/","title":{"rendered":"Anwendungsszenarien"},"content":{"rendered":"\n<p class=\"has-theme-palette-6-color has-text-color has-link-color wp-elements-ed19d2ca98690103acf7574a70b088db\">Diese Beispiele zeigen, wie die KI den Elternteil nicht ersetzt, sondern die richtige Botschaft zum richtigen Zeitpunkt \u00fcbermittelt.<\/p>\n\n\n\n<hr class=\"wp-block-separator has-alpha-channel-opacity\"\/>\n\n\n\n<h1 class=\"wp-block-heading\"><strong>Der \u201eZukunfts-Ordner\u201c (Begleitung \u00fcber die Zeit)<\/strong><\/h1>\n\n\n\n<ul class=\"wp-block-list\">\n<li class=\"has-theme-palette-6-color has-text-color has-link-color wp-elements-000382315f2e8db3dee83154769b6545\"><strong>Der Kontext:<\/strong> Ein kranker Vater wei\u00df, dass er seine 7-j\u00e4hrige Tochter nicht aufwachsen sehen wird. Er m\u00f6chte bei ihren gro\u00dfen Lebensabschnitten \u201edabei\u201c sein.<\/li>\n\n\n\n<li class=\"has-theme-palette-6-color has-text-color has-link-color wp-elements-9716bf77ae2a293942963fed6847c7fc\"><strong>Was der Vater der KI anvertraut (Erstellungsphase):<\/strong>\n<ul class=\"wp-block-list\">\n<li>\u201eWenn sie eines Tages heiratet, sag ihr, dass ich stolz auf sie bin, egal wen sie w\u00e4hlt. Erz\u00e4hl ihr, wie ich ihre Mutter kennengelernt habe \u2013 ich war zu Tode erschrocken.\u201c<\/li>\n\n\n\n<li>\u201eWenn sie bei einer wichtigen Pr\u00fcfung durchf\u00e4llt und weint, erinnere sie daran, dass ich zweimal sitzengeblieben bin und es mich nicht daran gehindert hat, gl\u00fccklich zu werden.\u201c<\/li>\n<\/ul>\n<\/li>\n\n\n\n<li class=\"has-theme-palette-6-color has-text-color has-link-color wp-elements-61295b481eb0a221ef8de07513b31dcd\"><strong>Die Erfahrung f\u00fcr die Tochter (15 Jahre sp\u00e4ter):<\/strong>\n<ul class=\"wp-block-list\">\n<li>Am Tag ihrer Hochzeit chattet sie mit der KI. Sie schreibt: \u201ePapa fehlt mir heute so sehr.\u201c<\/li>\n\n\n\n<li><strong>Antwort von Cella:<\/strong> \u201eEr wusste, dass dieser Tag kommen w\u00fcrde. Er hat mich gebeten, dir von seiner eigenen Begegnung mit Mama zu erz\u00e4hlen, um dich zum Lachen zu bringen. Vor allem wollte er, dass du wei\u00dft, wie stolz er auf dich ist.\u201c<\/li>\n<\/ul>\n<\/li>\n<\/ul>\n\n\n\n<hr class=\"wp-block-separator has-alpha-channel-opacity\"\/>\n\n\n\n<h2 class=\"wp-block-heading\"><strong>Der \u201eUnterst\u00fctzungs-Ordner\u201c (F\u00fcr Momente des Zweifels)<\/strong><\/h2>\n\n\n\n<ul class=\"wp-block-list\">\n<li class=\"has-theme-palette-6-color has-text-color has-link-color wp-elements-2b1a3587c2587cef8a383c371fb181e2\"><strong>Der Kontext:<\/strong> Eine Mutter hinterl\u00e4sst einen Ordner f\u00fcr ihren erwachsenen Sohn, dem es oft an Selbstvertrauen mangelt.<\/li>\n\n\n\n<li class=\"has-theme-palette-6-color has-text-color has-link-color wp-elements-fc3190ebb63c294630ab7d3ccd2b49e7\"><strong>Was die Mutter der KI anvertraut:<\/strong>\n<ul class=\"wp-block-list\">\n<li>\u201eEr sieht es selbst nicht, aber er hat eine unglaubliche Kraft. Liste ihm all die Male auf, in denen er mich beeindruckt hat: als er seiner Schwester half, als er sein Studium wieder aufnahm&#8230;\u201c<\/li>\n\n\n\n<li>\u201eWenn er dich fragt, ob ich von seinen Entscheidungen entt\u00e4uscht war, sei kategorisch: Niemals.\u201c<\/li>\n<\/ul>\n<\/li>\n\n\n\n<li class=\"has-theme-palette-6-color has-text-color has-link-color wp-elements-9ab6017fae132011a683c37f8041ffee\"><strong>Die Erfahrung f\u00fcr den Sohn (nach dem Todesfall):<\/strong>\n<ul class=\"wp-block-list\">\n<li>Der Sohn geht durch eine schwierige Phase und fragt die KI: \u201eWar sie mir b\u00f6se, dass ich so weit weggezogen bin?\u201c<\/li>\n\n\n\n<li><strong>Antwort von Cella:<\/strong> \u201eNein. Sie hat spezifisch mit mir dar\u00fcber gesprochen. Sie sah deinen Fortzug als einen Akt des Muttes, nicht des Verlassens. Sie bewunderte deine St\u00e4rke.\u201c <em>(Hier wirkt die KI wie ein Vermittler, der die realen Worte der Mutter nutzt, um Heilung zu f\u00f6rdern).<\/em><\/li>\n<\/ul>\n<\/li>\n<\/ul>\n\n\n\n<hr class=\"wp-block-separator has-alpha-channel-opacity\"\/>\n\n\n\n<h2 class=\"wp-block-heading\"><strong>Der \u201eGeheim-Ordner\u201c (Das Aussprechen der Wahrheit)<\/strong><\/h2>\n\n\n\n<ul class=\"wp-block-list\">\n<li class=\"has-theme-palette-6-color has-text-color has-link-color wp-elements-d5add603c5da11e6709f74396876cb09\"><strong>Der Kontext:<\/strong> Ein Mann m\u00f6chte seinem Bruder etwas gestehen, schafft es aber nicht von Angesicht zu Angesicht. Er m\u00f6chte, dass es nach seinem Tod bekannt wird.<\/li>\n\n\n\n<li class=\"has-theme-palette-6-color has-text-color has-link-color wp-elements-e2519c6726235b22e3012cbf47263a4a\"><strong>Was der Mann der KI anvertraut:<\/strong>\n<ul class=\"wp-block-list\">\n<li>\u201eErstelle einen gesicherten Ordner nur f\u00fcr Thomas. Ich m\u00f6chte, dass er wei\u00df, dass ich es war, der Papas Auto vor 20 Jahren kaputt gefahren hat, nicht er. Ich habe mir mein ganzes Leben lang Vorw\u00fcrfe gemacht.\u201c<\/li>\n\n\n\n<li>\u201eSag ihm, dass ich ihn geliebt habe, auch wenn wir nicht mehr miteinander gesprochen haben.\u201c<\/li>\n<\/ul>\n<\/li>\n\n\n\n<li class=\"has-theme-palette-6-color has-text-color has-link-color wp-elements-284dce0c2170dc0297e08f81eb0b531e\"><strong>Die Erfahrung f\u00fcr den Bruder (Thomas):<\/strong>\n<ul class=\"wp-block-list\">\n<li>Thomas erh\u00e4lt eine sichere Benachrichtigung. Er \u00f6ffnet den Ordner und fragt: \u201eWarum hat er mir diesen Ordner hinterlassen?\u201c<\/li>\n\n\n\n<li><strong>Antwort von Cella:<\/strong> \u201eEr hatte eine Last auf dem Gewissen, die er befreien wollte, damit du deinen Frieden finden kannst. Es geht um den Autounfall&#8230;\u201c<\/li>\n<\/ul>\n<\/li>\n<\/ul>\n\n\n\n<hr class=\"wp-block-separator has-alpha-channel-opacity\"\/>\n\n\n\n<h2 class=\"wp-block-heading\"><strong>Der \u201ePraktische Ordner\u201c (Administrativer \u00dcbergang)<\/strong><\/h2>\n\n\n\n<ul class=\"wp-block-list\">\n<li class=\"has-theme-palette-6-color has-text-color has-link-color wp-elements-9261da0e36011a6a6d82f7d48168b9b5\"><strong>Der Kontext:<\/strong> Eine Gro\u00dfmutter verwaltet alle Papiere im Haus. Sie m\u00f6chte ihrem Ehemann helfen, der ohne sie v\u00f6llig verloren w\u00e4re.<\/li>\n\n\n\n<li class=\"has-theme-palette-6-color has-text-color has-link-color wp-elements-fbe1f8c09bd243eff6598ef449dc5f10\"><strong>Was die Gro\u00dfmutter der KI anvertraut:<\/strong>\n<ul class=\"wp-block-list\">\n<li>\u201eDer Code f\u00fcr den Tresor ist 1234. Die Lebensversicherung ist bei der Allianz unter der Nummer X. F\u00fcr die Katze muss man das Trockenfutter der Marke Y kaufen.\u201c<\/li>\n<\/ul>\n<\/li>\n\n\n\n<li class=\"has-theme-palette-6-color has-text-color has-link-color wp-elements-9b0388eb57450d19100df8b9a6b35ade\"><strong>Die Erfahrung f\u00fcr den Ehemann:<\/strong>\n<ul class=\"wp-block-list\">\n<li>Der Ehemann ist in Panik und findet die Unterlagen nicht. Er fragt die KI: \u201eWo sind die Versicherungsvertr\u00e4ge?\u201c<\/li>\n\n\n\n<li><strong>Antwort von Cella:<\/strong> \u201eKeine Sorge, sie hat alles notiert. Schau in die unterste Schublade des Schreibtischs, blauer Ordner. Und vergiss das Futter f\u00fcr die Katze nicht, darauf hat sie bestanden.\u201c <em>(Dies ist logistische Unterst\u00fctzung, die zu emotionaler St\u00fctze wird, da sie den Stress in einer schweren Zeit massiv reduziert).<\/em><\/li>\n<\/ul>\n<\/li>\n<\/ul>\n","protected":false},"excerpt":{"rendered":"<p>Diese Beispiele zeigen, wie die KI den Elternteil nicht ersetzt, sondern die richtige Botschaft zum richtigen Zeitpunkt \u00fcbermittelt. Der \u201eZukunfts-Ordner\u201c (Begleitung \u00fcber die Zeit) Der \u201eUnterst\u00fctzungs-Ordner\u201c (F\u00fcr Momente des Zweifels) Der \u201eGeheim-Ordner\u201c (Das Aussprechen der Wahrheit) Der \u201ePraktische Ordner\u201c (Administrativer \u00dcbergang)<\/p>\n","protected":false},"author":1,"featured_media":0,"parent":0,"menu_order":0,"comment_status":"closed","ping_status":"closed","template":"","meta":{"_acf_changed":false,"_kadence_starter_templates_imported_post":false,"_kad_post_transparent":"","_kad_post_title":"","_kad_post_layout":"","_kad_post_sidebar_id":"","_kad_post_content_style":"","_kad_post_vertical_padding":"","_kad_post_feature":"","_kad_post_feature_position":"","_kad_post_header":false,"_kad_post_footer":false,"_kad_post_classname":"","footnotes":""},"class_list":["post-219","page","type-page","status-publish","hentry"],"acf":[],"_links":{"self":[{"href":"https:\/\/cella-ai.eu\/de\/wp-json\/wp\/v2\/pages\/219","targetHints":{"allow":["GET"]}}],"collection":[{"href":"https:\/\/cella-ai.eu\/de\/wp-json\/wp\/v2\/pages"}],"about":[{"href":"https:\/\/cella-ai.eu\/de\/wp-json\/wp\/v2\/types\/page"}],"author":[{"embeddable":true,"href":"https:\/\/cella-ai.eu\/de\/wp-json\/wp\/v2\/users\/1"}],"replies":[{"embeddable":true,"href":"https:\/\/cella-ai.eu\/de\/wp-json\/wp\/v2\/comments?post=219"}],"version-history":[{"count":5,"href":"https:\/\/cella-ai.eu\/de\/wp-json\/wp\/v2\/pages\/219\/revisions"}],"predecessor-version":[{"id":228,"href":"https:\/\/cella-ai.eu\/de\/wp-json\/wp\/v2\/pages\/219\/revisions\/228"}],"wp:attachment":[{"href":"https:\/\/cella-ai.eu\/de\/wp-json\/wp\/v2\/media?parent=219"}],"curies":[{"name":"wp","href":"https:\/\/api.w.org\/{rel}","templated":true}]}}